{"id":3251,"date":"2021-04-23T14:00:11","date_gmt":"2021-04-23T12:00:11","guid":{"rendered":"https:\/\/solana.ba\/zastita-privatnosti\/"},"modified":"2021-05-11T20:34:09","modified_gmt":"2021-05-11T18:34:09","slug":"zastita-privatnosti","status":"publish","type":"page","link":"https:\/\/solana.ba\/en\/zastita-privatnosti\/","title":{"rendered":"Privacy Policy"},"content":{"rendered":"<p>[et_pb_section fb_built=&#8221;1&#8243; custom_padding_last_edited=&#8221;on|desktop&#8221; next_background_color=&#8221;#ffffff&#8221; admin_label=&#8221;Hero&#8221; _builder_version=&#8221;4.7.0&#8243; use_background_color_gradient=&#8221;on&#8221; background_color_gradient_start=&#8221;rgba(40,139,210,0)&#8221; background_color_gradient_end=&#8221;#288bd2&#8243; background_color_gradient_type=&#8221;radial&#8221; background_color_gradient_direction_radial=&#8221;top right&#8221; background_color_gradient_overlays_image=&#8221;on&#8221; background_image=&#8221;http:\/\/solana.ba\/wp-content\/uploads\/2020\/11\/Ext-06.jpg&#8221; custom_padding=&#8221;150px|0px|150px|0px|true|false&#8221; custom_padding_tablet=&#8221;50px||50px||true&#8221; custom_padding_phone=&#8221;0px||0px||true|false&#8221; bottom_divider_style=&#8221;asymmetric&#8221; bottom_divider_height=&#8221;50px&#8221; bottom_divider_flip=&#8221;horizontal&#8221; bottom_divider_height_tablet=&#8221;90px&#8221; bottom_divider_height_phone=&#8221;80px&#8221; locked=&#8221;off&#8221;][et_pb_row _builder_version=&#8221;4.6.6&#8243; custom_width_px=&#8221;1280px&#8221;][et_pb_column type=&#8221;4_4&#8243; _builder_version=&#8221;3.25&#8243; custom_padding=&#8221;|||&#8221; custom_padding__hover=&#8221;|||&#8221;][et_pb_text _builder_version=&#8221;4.9.4&#8243; text_font=&#8221;Montserrat||||||||&#8221; text_text_color=&#8221;rgba(255,255,255,0.85)&#8221; text_font_size=&#8221;20px&#8221; text_line_height=&#8221;1.8em&#8221; header_font=&#8221;Montserrat|900||on|||||&#8221; header_font_size=&#8221;48px&#8221; header_line_height=&#8221;1.4em&#8221; header_2_letter_spacing=&#8221;-0.02em&#8221; header_2_line_height=&#8221;1.3em&#8221; header_6_font=&#8221;Montserrat|600||on|||||&#8221; header_6_text_color=&#8221;rgba(255,255,255,0.7)&#8221; header_6_font_size=&#8221;16px&#8221; header_6_letter_spacing=&#8221;2px&#8221; header_6_line_height=&#8221;1.5em&#8221; background_layout=&#8221;dark&#8221; custom_margin=&#8221;||10px||false|false&#8221; hover_enabled=&#8221;0&#8243; text_font_size_tablet=&#8221;&#8221; text_font_size_phone=&#8221;15px&#8221; text_font_size_last_edited=&#8221;on|phone&#8221; header_font_size_phone=&#8221;28px&#8221; header_font_size_last_edited=&#8221;off|desktop&#8221; sticky_enabled=&#8221;0&#8243;]<\/p>\n<h1>Privacy Policy<\/h1>\n<p>[\/et_pb_text][\/et_pb_column][\/et_pb_row][\/et_pb_section][et_pb_section fb_built=&#8221;1&#8243; admin_label=&#8221;About&#8221; _builder_version=&#8221;4.6.6&#8243; use_background_color_gradient=&#8221;on&#8221; background_color_gradient_start=&#8221;rgba(255,255,255,0)&#8221; background_color_gradient_end=&#8221;#ffffff&#8221; background_color_gradient_direction=&#8221;90deg&#8221; background_color_gradient_end_position=&#8221;50%&#8221; background_color_gradient_overlays_image=&#8221;on&#8221; background_enable_image=&#8221;off&#8221; background_position=&#8221;center_left&#8221; custom_padding=&#8221;60px||||false|false&#8221; locked=&#8221;off&#8221;][et_pb_row _builder_version=&#8221;3.25&#8243;][et_pb_column type=&#8221;4_4&#8243; _builder_version=&#8221;3.25&#8243; custom_padding=&#8221;|||&#8221; custom_padding__hover=&#8221;|||&#8221;][et_pb_text _builder_version=&#8221;4.9.4&#8243; text_font=&#8221;Montserrat||||||||&#8221; text_font_size=&#8221;16px&#8221; text_line_height=&#8221;1.8em&#8221; link_font=&#8221;Montserrat|700|||||||&#8221; link_text_color=&#8221;#fa546d&#8221; link_font_size=&#8221;22px&#8221; link_line_height=&#8221;1.5em&#8221; header_font=&#8221;||||||||&#8221; header_2_font=&#8221;Montserrat|700|||||||&#8221; header_2_font_size=&#8221;40px&#8221; header_2_letter_spacing=&#8221;-0.02em&#8221; header_2_line_height=&#8221;1.3em&#8221; header_6_font=&#8221;Montserrat|600||on|||||&#8221; header_6_text_color=&#8221;#288bd2&#8243; header_6_font_size=&#8221;16px&#8221; header_6_letter_spacing=&#8221;2px&#8221; header_6_line_height=&#8221;1.5em&#8221; max_width_last_edited=&#8221;off|desktop&#8221; module_alignment=&#8221;left&#8221; custom_margin=&#8221;|||&#8221; custom_padding=&#8221;|||&#8221; header_2_font_size_tablet=&#8221;&#8221; header_2_font_size_phone=&#8221;24px&#8221; header_2_font_size_last_edited=&#8221;on|phone&#8221;]<\/p>\n<p><b>Za\u0161tita privatnosti<\/b><\/p>\n<p>Pravila za\u0161tite osobnih podataka na web stranici www.solana.ba<\/p>\n<p><b>1. Op\u0107e informacije<\/b><\/p>\n<p>Pravila za\u0161tite privatnosti (u daljnjem tekstu: <b>Pravila<\/b>) opisuju koje va\u0161e li\u010dne podatke prikupljamo, na koji na\u010din obra\u0111ujemo, te u koje svrhe ih upotrebljavamo, kao i va\u0161a prava povezana s va\u0161im podacima.<\/p>\n<p>Solana d.d. Tuzla, ul. Soli broj 3, ID 4209372970007 (u daljnjem tekstu: <b>Solana<\/b>) obra\u0111uje li\u010dne podatke korisnika svojih usluga i posjetitelja stranice www.solana.ba\u00a0na pravi\u010dan i zakonit na\u010din, u skladu s va\u017ee\u0107im propisima kojima je regulirana za\u0161tita li\u010dnih podataka.<\/p>\n<p>Obrada li\u010dnih podataka vr\u0161i se isklju\u010divo na osnovu izri\u010dite saglasnosti nosioca li\u010dnih podataka, a s ciljem kako bi korisnicima omogu\u0107ili pristup ovoj internetskoj stranici.<\/p>\n<p><b>2. Na\u010din i svrhe obrade osobnih podataka<\/b><\/p>\n<p>Osobne podatke prikupljamo kada:<\/p>\n<ul>\n<li><span><\/span>Zatra\u017eite podr\u0161ku u pogledu proizvoda;<\/li>\n<li><span><\/span>Zatra\u017eite informacije ili materijale (npr., upute, obavijesti ili bro\u0161ure);<\/li>\n<li><span><\/span>Sudjelujete u anketama i ocjenjivanjima;<\/li>\n<li><span><\/span>Sudjelujete u promotivnim, natjecateljskim i nagradnim aktivnostima;<\/li>\n<li><span><\/span>Prijavite se na konkurs za posao ili dostavite va\u0161u biografiju;<\/li>\n<li><span><\/span>Obratite nam se s pitanjima ili komentarima;<\/li>\n<li><span><\/span>Sudjelujete u promotivnim aktivnostima na dru\u0161tvenim mre\u017eama (Facebook, Instagram\u2026)<\/li>\n<\/ul>\n<p>Vrste li\u010dnih podataka koje se prikupljaju:<\/p>\n<ul>\n<li><span><\/span>Va\u0161e ime i prezime;<\/li>\n<li><span><\/span>Va\u0161a ku\u0107na adresa, adresa za slanje ra\u010duna ili adresa na kojoj se nalazite (uklju\u010duju\u0107i ime ulice, ime grada, po\u0161tanski broj);<\/li>\n<li><span><\/span>Adresa va\u0161e e-mail po\u0161te;<\/li>\n<li><span><\/span>Va\u0161 telefonski broj;<\/li>\n<li><span><\/span>Ime oca, datum ro\u0111enja, radno iskustvo, stru\u010dna sprema, da li posjedujete voza\u010dku dozvolu i vrsta poslova za koje ste zainteresirani (ako se prijavljujete na natje\u010daj za posao elektroni\u010dkim putem).<\/li>\n<\/ul>\n<p><b><\/b><\/p>\n<p><b>Kontaktiranje<\/b><\/p>\n<p>Ukoliko nam se obratite s va\u0161im upitima, podatke koje nam pri tome dostavite obra\u0111ujemo isklju\u010divo za pru\u017eanje tra\u017eenih informacija. Nakon odgovora na va\u0161 upit dostavljeni podaci se bri\u0161u.<\/p>\n<p><b>Ankete i upitnici<\/b><\/p>\n<p>Kroz ankete i upitnike prikupljamo informacije o va\u0161em zadovoljstvu s na\u0161im proizvodima i druge korisne podatke kako bi ih prilagodili va\u0161im potrebama, te u svrhe promovisanja odnosa s javno\u0161\u0107u. Rezultati provedenih anketa ili upitnika su isklju\u010divo sumarni i anonimni. Za sudjelovanje u anketama ili upitnicima prijavljujete se svojom e-mail adresom kroz web obrazac.<\/p>\n<p><b>Promotivne nagradne igre<span class=\"Apple-converted-space\">\u00a0<\/span><\/b><\/p>\n<p>Povremeno organiziramo \u00a0nagradne igre i druga natjecanja. Osobne podatke koje prikupljamo na ovaj na\u010din obra\u0111ujemo isklju\u010divo u svrhu realizacije nagradne igre, odnosno natjecanja (npr. objava imena dobitnika za kontaktiranje dobitnika, dostave nagrade i sl.). Za sudjelovanje u nagradnoj igri potrebni su nam va\u0161e ime, prezime, e-mail, kontakt telefon i adresa za dostavu nagrade. Po potrebi mo\u017eemo tra\u017eiti dodatne informacije koje \u0107e biti definirane pravilima nagradne igre.\u00a0<\/p>\n<p>Prikupljene podatke brisati \u0107emo nakon ispunjenja svrhe u koju su podaci prikupljeni. Ukoliko ste na prijavnom obrascu za nagradnu igru pristali primati promotivne poruke, u svakom trenutku mo\u017eete odustati od primanja promotivnih poruka na na\u010din da odaberete ponu\u0111enu opciju povla\u010denja saglasnosti u primljenoj promotivnoj poruci.<\/p>\n<p><b>Promotivne poruke\u00a0\u00a0\u00a0<\/b>\u00a0\u00a0\u00a0\u00a0\u00a0\u00a0\u00a0\u00a0\u00a0\u00a0\u00a0\u00a0\u00a0\u00a0\u00a0\u00a0\u00a0\u00a0\u00a0\u00a0\u00a0\u00a0\u00a0\u00a0\u00a0\u00a0\u00a0\u00a0\u00a0\u00a0\u00a0\u00a0\u00a0\u00a0\u00a0\u00a0\u00a0\u00a0\u00a0\u00a0\u00a0\u00a0\u00a0\u00a0\u00a0\u00a0\u00a0\u00a0\u00a0\u00a0\u00a0\u00a0\u00a0\u00a0\u00a0<\/p>\n<p>Pristup internetskoj stranici www.solana.ba je slobodan i ne zahtijeva registraciju. Ukoliko \u017eelite primati promotivne poruke o na\u0161im proizvodima i uslugama mo\u017eete odabrati jednostavnu prijavu va\u0161e e-mail adrese u web obrazac, bez potrebe registracije. U svakom trenutku mo\u017eete odustati od primanja promotivnih poruka na na\u010din da odaberete ponu\u0111enu opciju povla\u010denja saglasnosti u primljenoj promotivnoj poruci.<\/p>\n<p><b>Otvorene zamolbe za posao<\/b><\/p>\n<p>Podatke koje nam po\u0161aljete kroz otvorene zamolbe za posao obra\u0111uju se isklju\u010divo u svrhe obavljanja selekcijskog postupka pri zapo\u0161ljavanju, a \u010duvaju se dvije godine.<\/p>\n<p><b>3. Za\u0161tita osobnih podataka<\/b><\/p>\n<p>Prikupljene li\u010dne podatke obra\u0111ujemo uz obaveznu primjenu odgovaraju\u0107ih pravnih, tehni\u010dkih i organizacijskih mjera sigurnosti kako bismo sprije\u010dili svaku neovla\u0161tenu obradu podataka. Pristup va\u0161im osobnim podacima ograni\u010den je samo na one radnike kojima su te informacije nu\u017ene\u00a0u pru\u017eanju na\u0161ih usluga. Kontinuirano educiramo na\u0161e radnike o va\u017enosti povjerljivosti podataka, te \u010duvanju privatnosti i za\u0161titi Va\u0161ih li\u010dnih podataka.<span class=\"Apple-converted-space\">\u00a0<\/span><\/p>\n<p><b>4. Va\u0161a prava<\/b><\/p>\n<p>U svakom trenutku od nas mo\u017eete zatra\u017eiti informaciju o obradi va\u0161ih li\u010dnih podataka i zatra\u017eiti ostvarivanje sljede\u0107ih prava:<\/p>\n<ul>\n<li><span><\/span>pravo na pristup podacima koji se odnose na vas;<\/li>\n<li><span><\/span>ispravak ili dopunu va\u0161ih li\u010dnih podataka kako bi uvijek bili ta\u010dni;<\/li>\n<li><span><\/span>brisanje li\u010dnih podataka (ukoliko ne postoje opravdani razlozi za \u010duvanje podataka);<\/li>\n<li><span><\/span>povla\u010denje saglasnosti za obradu li\u010dnih podataka (npr. za primanje promotivnih poruka).<\/li>\n<\/ul>\n<p><b>5. Kontakt za za\u0161titu osobnih podataka<\/b><\/p>\n<p>Solana d.d. Tuzla<br \/>Soli broj 3<br \/>Bosna i Hercegovina &#8211; 75 000 Tuzla<br \/>tel. \u00a0035 282 342 <br \/>fax. 035 282 407<\/p>\n<p>U slu\u010daju promjena ovih Pravila obavijestit \u0107emo Vas o tome na ovoj stranici i a\u017eurirati datum izmjene politike privatnosti dolje kako slijedi.<\/p>\n<p>[\/et_pb_text][\/et_pb_column][\/et_pb_row][\/et_pb_section]<\/p>\n","protected":false},"excerpt":{"rendered":"<p>Privacy PolicyZa\u0161tita privatnosti Pravila za\u0161tite osobnih podataka na web stranici www.solana.ba 1. Op\u0107e informacije Pravila za\u0161tite privatnosti (u daljnjem tekstu: Pravila) opisuju koje va\u0161e li\u010dne podatke prikupljamo, na koji na\u010din obra\u0111ujemo, te u koje svrhe ih upotrebljavamo, kao i va\u0161a prava povezana s va\u0161im podacima. Solana d.d. Tuzla, ul. Soli broj 3, ID 4209372970007 (u [&hellip;]<\/p>\n","protected":false},"author":6,"featured_media":0,"parent":0,"menu_order":0,"comment_status":"closed","ping_status":"closed","template":"","meta":{"_et_pb_use_builder":"on","_et_pb_old_content":"","_et_gb_content_width":"","footnotes":""},"class_list":["post-3251","page","type-page","status-publish","hentry"],"_links":{"self":[{"href":"https:\/\/solana.ba\/en\/wp-json\/wp\/v2\/pages\/3251","targetHints":{"allow":["GET"]}}],"collection":[{"href":"https:\/\/solana.ba\/en\/wp-json\/wp\/v2\/pages"}],"about":[{"href":"https:\/\/solana.ba\/en\/wp-json\/wp\/v2\/types\/page"}],"author":[{"embeddable":true,"href":"https:\/\/solana.ba\/en\/wp-json\/wp\/v2\/users\/6"}],"replies":[{"embeddable":true,"href":"https:\/\/solana.ba\/en\/wp-json\/wp\/v2\/comments?post=3251"}],"version-history":[{"count":3,"href":"https:\/\/solana.ba\/en\/wp-json\/wp\/v2\/pages\/3251\/revisions"}],"predecessor-version":[{"id":3255,"href":"https:\/\/solana.ba\/en\/wp-json\/wp\/v2\/pages\/3251\/revisions\/3255"}],"wp:attachment":[{"href":"https:\/\/solana.ba\/en\/wp-json\/wp\/v2\/media?parent=3251"}],"curies":[{"name":"wp","href":"https:\/\/api.w.org\/{rel}","templated":true}]}}