{"id":1338,"date":"2018-12-27T20:03:30","date_gmt":"2018-12-27T19:03:30","guid":{"rendered":"http:\/\/solana.kreativluk.ba\/trzista\/"},"modified":"2025-05-07T21:20:43","modified_gmt":"2025-05-07T19:20:43","slug":"trzista","status":"publish","type":"page","link":"https:\/\/solana.ba\/en\/trzista\/","title":{"rendered":"Markets"},"content":{"rendered":"<p>[et_pb_section fb_built=&#8221;1&#8243; custom_padding_last_edited=&#8221;off|desktop&#8221; next_background_color=&#8221;#ffffff&#8221; admin_label=&#8221;Hero&#8221; _builder_version=&#8221;4.16&#8243; background_color=&#8221;#288bd2&#8243; background_enable_image=&#8221;off&#8221; custom_padding_tablet=&#8221;50px||50px||true&#8221; custom_padding_phone=&#8221;0px||0px||true|false&#8221; bottom_divider_style=&#8221;asymmetric&#8221; bottom_divider_height=&#8221;50px&#8221; bottom_divider_flip=&#8221;horizontal&#8221; bottom_divider_height_tablet=&#8221;90px&#8221; bottom_divider_height_phone=&#8221;80px&#8221; locked=&#8221;off&#8221; global_colors_info=&#8221;{}&#8221;][et_pb_row _builder_version=&#8221;4.16&#8243; custom_width_px=&#8221;1280px&#8221; global_colors_info=&#8221;{}&#8221;][et_pb_column type=&#8221;4_4&#8243; _builder_version=&#8221;4.16&#8243; custom_padding=&#8221;|||&#8221; global_colors_info=&#8221;{}&#8221; custom_padding__hover=&#8221;|||&#8221;][et_pb_image src=&#8221;http:\/\/solana.ba\/wp-content\/uploads\/2020\/12\/Karta-uvoznika.png&#8221; title_text=&#8221;Karta uvoznika&#8221; _builder_version=&#8221;4.16&#8243; _module_preset=&#8221;default&#8221; global_colors_info=&#8221;{}&#8221;][\/et_pb_image][et_pb_text _builder_version=&#8221;4.16&#8243; text_font=&#8221;Montserrat||||||||&#8221; text_text_color=&#8221;rgba(255,255,255,0.85)&#8221; text_font_size=&#8221;20px&#8221; text_line_height=&#8221;1.8em&#8221; header_font=&#8221;Montserrat|900||on|||||&#8221; header_font_size=&#8221;48px&#8221; header_line_height=&#8221;1.4em&#8221; header_2_letter_spacing=&#8221;-0.02em&#8221; header_2_line_height=&#8221;1.3em&#8221; header_6_font=&#8221;Montserrat|600||on|||||&#8221; header_6_text_color=&#8221;rgba(255,255,255,0.7)&#8221; header_6_font_size=&#8221;16px&#8221; header_6_letter_spacing=&#8221;2px&#8221; header_6_line_height=&#8221;1.5em&#8221; positioning=&#8221;relative&#8221; background_layout=&#8221;dark&#8221; custom_margin=&#8221;-160px||50px||false|false&#8221; custom_margin_tablet=&#8221;&#8221; custom_margin_phone=&#8221;-90px||-20px||false|false&#8221; custom_margin_last_edited=&#8221;on|desktop&#8221; text_font_size_tablet=&#8221;&#8221; text_font_size_phone=&#8221;15px&#8221; text_font_size_last_edited=&#8221;on|phone&#8221; header_font_size_phone=&#8221;28px&#8221; header_font_size_last_edited=&#8221;off|desktop&#8221; global_colors_info=&#8221;{}&#8221;]<\/p>\n<h1>Markets<\/h1>\n<p>General importers and distributors<\/p>\n<p>[\/et_pb_text][\/et_pb_column][\/et_pb_row][\/et_pb_section][et_pb_section fb_built=&#8221;1&#8243; module_id=&#8221;misija-vizija-ciljevi&#8221; _builder_version=&#8221;4.16&#8243; use_background_color_gradient=&#8221;on&#8221; background_color_gradient_type=&#8221;circular&#8221; background_color_gradient_direction_radial=&#8221;bottom left&#8221; background_color_gradient_stops=&#8221;rgba(40,139,210,0.17) 0%|#ffffff 50%&#8221; background_color_gradient_overlays_image=&#8221;on&#8221; background_color_gradient_start=&#8221;rgba(40,139,210,0.17)&#8221; background_color_gradient_end=&#8221;#ffffff&#8221; background_color_gradient_end_position=&#8221;50%&#8221; background_enable_image=&#8221;off&#8221; background_position=&#8221;center_left&#8221; custom_padding=&#8221;||100px||false|false&#8221; bottom_divider_color=&#8221;#0c71c3&#8243; locked=&#8221;off&#8221; global_colors_info=&#8221;{}&#8221;][et_pb_row _builder_version=&#8221;4.16&#8243; global_colors_info=&#8221;{}&#8221;][et_pb_column type=&#8221;4_4&#8243; _builder_version=&#8221;4.16&#8243; custom_padding=&#8221;|||&#8221; global_colors_info=&#8221;{}&#8221; custom_padding__hover=&#8221;|||&#8221;][et_pb_text _builder_version=&#8221;4.16&#8243; header_font=&#8221;||||||||&#8221; inline_fonts=&#8221;Montserrat&#8221; global_colors_info=&#8221;{}&#8221;]<\/p>\n<p><span>Solana Jsc Tuzla is a company that has spent more that one century in producing and processing all assortment of edible iodised salt used in food industry, bakeries and meat industry and non-iodised salt used for chemical, textile and leather-making industry. We also produce salt in tablets, iodised for food and fish industry and non-iodised for industrial water or livestock. There is also nitrite salt for meat industry. <\/span><\/p>\n<p><span>Solana Jsc\u00a0Tuzla cooperates with following distributors and general importers<\/span><span style=\"font-size: 14px;\">:<\/span><\/p>\n<p>[\/et_pb_text][\/et_pb_column][\/et_pb_row][et_pb_row _builder_version=&#8221;4.16&#8243; global_colors_info=&#8221;{}&#8221;][et_pb_column type=&#8221;4_4&#8243; _builder_version=&#8221;4.16&#8243; custom_padding=&#8221;|||&#8221; global_colors_info=&#8221;{}&#8221; custom_padding__hover=&#8221;|||&#8221;][et_pb_text _builder_version=&#8221;4.16&#8243; text_font=&#8221;Montserrat||||||||&#8221; text_font_size=&#8221;16px&#8221; text_line_height=&#8221;1.8em&#8221; link_font=&#8221;Montserrat|700|||||||&#8221; link_text_color=&#8221;#fa546d&#8221; link_font_size=&#8221;22px&#8221; link_line_height=&#8221;1.5em&#8221; header_font=&#8221;||||||||&#8221; header_2_font=&#8221;Montserrat|700|||||||&#8221; header_2_font_size=&#8221;40px&#8221; header_2_line_height=&#8221;1.3em&#8221; header_6_font=&#8221;Montserrat|600||on|||||&#8221; header_6_text_color=&#8221;#ffffff&#8221; header_6_font_size=&#8221;16px&#8221; header_6_letter_spacing=&#8221;2px&#8221; header_6_line_height=&#8221;1.5em&#8221; max_width_last_edited=&#8221;off|desktop&#8221; module_alignment=&#8221;left&#8221; header_2_font_size_tablet=&#8221;&#8221; header_2_font_size_phone=&#8221;24px&#8221; header_2_font_size_last_edited=&#8221;on|phone&#8221; locked=&#8221;off&#8221; global_colors_info=&#8221;{}&#8221;]<\/p>\n<h2>Bosnia and Herzegovina market<\/h2>\n<p>[\/et_pb_text][\/et_pb_column][\/et_pb_row][et_pb_row column_structure=&#8221;1_2,1_2&#8243; _builder_version=&#8221;4.16&#8243; global_colors_info=&#8221;{}&#8221;][et_pb_column type=&#8221;1_2&#8243; _builder_version=&#8221;4.16&#8243; custom_padding=&#8221;|||&#8221; global_colors_info=&#8221;{}&#8221; custom_padding__hover=&#8221;|||&#8221;][et_pb_text _builder_version=&#8221;4.27.4&#8243; text_font=&#8221;||||||||&#8221; header_font=&#8221;||||||||&#8221; header_3_font=&#8221;|700|||||||&#8221; header_3_text_color=&#8221;#03a5df&#8221; header_6_font=&#8221;||||||||&#8221; header_6_text_color=&#8221;#999&#8243; hover_enabled=&#8221;0&#8243; global_colors_info=&#8221;{}&#8221; sticky_enabled=&#8221;0&#8243;]<\/p>\n<h6>General distributor:<\/h6>\n<h3>\u201cAs\u201d d.o.o.<\/h3>\n<p>Ekonomija bb, Jelah<br \/>\ntel: +387 32 663 668<br \/>\nfax: +387 32 663 668<br \/>\nemail: <a href=\"mailto:halida.hanic@asjelah.ba\">halida.hanic@asjelah.ba<\/a><\/p>\n<p><a href=\"http:\/\/www.asgroup.ba\" target=\"_blank\" rel=\"noopener\"> www.asgroup.ba<\/a>[\/et_pb_text][\/et_pb_column][et_pb_column type=&#8221;1_2&#8243; _builder_version=&#8221;4.16&#8243; custom_padding=&#8221;|||&#8221; global_colors_info=&#8221;{}&#8221; custom_padding__hover=&#8221;|||&#8221;][et_pb_text _builder_version=&#8221;4.27.4&#8243; text_font=&#8221;||||||||&#8221; header_font=&#8221;||||||||&#8221; header_3_font=&#8221;|700|||||||&#8221; header_3_text_color=&#8221;#03a5df&#8221; header_6_font=&#8221;||||||||&#8221; header_6_text_color=&#8221;#999&#8243; hover_enabled=&#8221;0&#8243; global_colors_info=&#8221;{}&#8221; sticky_enabled=&#8221;0&#8243;]<\/p>\n<h6>Distributor for Do-Do za\u010din:<\/h6>\n<h3>Omega d.o.o.<\/h3>\n<p>II Kraji\u0161ke 23, \u017divinice<br \/>\ntel: +387 35 772 121<br \/>\nfax: +387 35 772 913<br \/>\nemail: <a href=\"mailto:info@omega.ba\">info@omega.ba<\/a><\/p>\n<p><a href=\"http:\/\/www.omega.ba\" target=\"_blank\" rel=\"noopener\">www.omega.ba<\/a>[\/et_pb_text][\/et_pb_column][\/et_pb_row][et_pb_row column_structure=&#8221;1_2,1_2&#8243; _builder_version=&#8221;4.16&#8243; custom_padding=&#8221;27px|0px|30px|0px|false|false&#8221; global_colors_info=&#8221;{}&#8221;][et_pb_column type=&#8221;1_2&#8243; _builder_version=&#8221;4.16&#8243; custom_padding=&#8221;|||&#8221; global_colors_info=&#8221;{}&#8221; custom_padding__hover=&#8221;|||&#8221;][et_pb_text _builder_version=&#8221;4.27.4&#8243; text_font=&#8221;||||||||&#8221; header_font=&#8221;||||||||&#8221; header_2_font=&#8221;|700|||||||&#8221; header_2_font_size=&#8221;40px&#8221; header_3_font=&#8221;|700|||||||&#8221; header_3_text_color=&#8221;#03a5df&#8221; header_6_font=&#8221;||||||||&#8221; header_6_text_color=&#8221;#999&#8243; hover_enabled=&#8221;0&#8243; header_2_font_size_tablet=&#8221;&#8221; header_2_font_size_phone=&#8221;24px&#8221; header_2_font_size_last_edited=&#8221;on|phone&#8221; global_colors_info=&#8221;{}&#8221; sticky_enabled=&#8221;0&#8243;]<\/p>\n<h2>Slovenian market<\/h2>\n<p>&nbsp;<\/p>\n<h3>Hmezad trgovina \u017dalec d.o.o.<\/h3>\n<p>Arja vas 103<br \/>\ntel: +386 3 713 13 86<br \/>\nfax: +386 1 562 17 99<br \/>\nemail:\u00a0<a href=\"mailto:zarko.furman@ht.si\">zarko.furman@ht.si<\/a>[\/et_pb_text][\/et_pb_column][et_pb_column type=&#8221;1_2&#8243; _builder_version=&#8221;4.16&#8243; custom_padding=&#8221;|||&#8221; global_colors_info=&#8221;{}&#8221; custom_padding__hover=&#8221;|||&#8221;][et_pb_text _builder_version=&#8221;4.27.4&#8243; text_font=&#8221;||||||||&#8221; header_font=&#8221;||||||||&#8221; header_2_font=&#8221;|700|||||||&#8221; header_2_font_size=&#8221;40px&#8221; header_3_font=&#8221;|700|||||||&#8221; header_3_text_color=&#8221;#03a5df&#8221; header_6_font=&#8221;||||||||&#8221; header_6_text_color=&#8221;#999&#8243; hover_enabled=&#8221;0&#8243; header_2_font_size_tablet=&#8221;&#8221; header_2_font_size_phone=&#8221;24px&#8221; header_2_font_size_last_edited=&#8221;on|phone&#8221; global_colors_info=&#8221;{}&#8221; sticky_enabled=&#8221;0&#8243;]<\/p>\n<h2>Serbian market<\/h2>\n<p>&nbsp;<\/p>\n<h3>S.B.H.-SO Trade d.o.o.<\/h3>\n<p>Industrijska zona bb,\u00a0Nova Pazova<br \/>\ntel: +381 69 8215317<br \/>\nemail:\u00a0<a href=\"mailto:mirjanamilic.sotrade@gmail.com\">mirjanamilic.sotrade@gmail.com<\/a><\/p>\n<p><a href=\"https:\/\/www.sbh.rs\/\" target=\"_blank\" rel=\"noopener\">https:\/\/www.sbh.rs\/<\/a>[\/et_pb_text][\/et_pb_column][\/et_pb_row][et_pb_row column_structure=&#8221;1_2,1_2&#8243; _builder_version=&#8221;4.16&#8243; custom_padding=&#8221;27px|0px|30px|0px|false|false&#8221; global_colors_info=&#8221;{}&#8221;][et_pb_column type=&#8221;1_2&#8243; _builder_version=&#8221;4.16&#8243; custom_padding=&#8221;|||&#8221; global_colors_info=&#8221;{}&#8221; custom_padding__hover=&#8221;|||&#8221;][et_pb_text _builder_version=&#8221;4.27.4&#8243; text_font=&#8221;||||||||&#8221; header_font=&#8221;||||||||&#8221; header_2_font=&#8221;|700|||||||&#8221; header_2_font_size=&#8221;40px&#8221; header_3_font=&#8221;|700|||||||&#8221; header_3_text_color=&#8221;#03a5df&#8221; header_6_font=&#8221;||||||||&#8221; header_6_text_color=&#8221;#999&#8243; hover_enabled=&#8221;0&#8243; header_2_font_size_tablet=&#8221;&#8221; header_2_font_size_phone=&#8221;24px&#8221; header_2_font_size_last_edited=&#8221;on|phone&#8221; global_colors_info=&#8221;{}&#8221; sticky_enabled=&#8221;0&#8243;]<\/p>\n<h2>Macedonian market<\/h2>\n<p>&nbsp;<\/p>\n<h3>Izvor Vadin d.o.o.e.l.<\/h3>\n<p>Pero Nakov bb, Skoplje<br \/>\ntel: +389 22 551 310<br \/>\nfax: +389 22 551 712<br \/>\nemail:\u00a0<a href=\"mailto:izvor92@yahoo.com\">izvor92@yahoo.com<\/a>[\/et_pb_text][\/et_pb_column][et_pb_column type=&#8221;1_2&#8243; _builder_version=&#8221;4.16&#8243; custom_padding=&#8221;|||&#8221; global_colors_info=&#8221;{}&#8221; custom_padding__hover=&#8221;|||&#8221;][et_pb_text _builder_version=&#8221;4.27.4&#8243; text_font=&#8221;||||||||&#8221; header_font=&#8221;||||||||&#8221; header_2_font=&#8221;|700|||||||&#8221; header_2_font_size=&#8221;40px&#8221; header_3_font=&#8221;|700|||||||&#8221; header_3_text_color=&#8221;#03a5df&#8221; header_6_font=&#8221;||||||||&#8221; header_6_text_color=&#8221;#999&#8243; hover_enabled=&#8221;0&#8243; header_2_font_size_tablet=&#8221;&#8221; header_2_font_size_phone=&#8221;24px&#8221; header_2_font_size_last_edited=&#8221;on|phone&#8221; global_colors_info=&#8221;{}&#8221; sticky_enabled=&#8221;0&#8243;]<\/p>\n<h2>Montenegrin market<\/h2>\n<p>&nbsp;<\/p>\n<h3>Stadion d.o.o. Podgorica<\/h3>\n<p>Bulevar Ibrahima Dre\u0161evi\u0107a br. 1<br \/>\ntel:\u00a0+382 69 359 219<br \/>\nemail:\u00a0<a href=\"mailto:stadion@stadiondoo.me\">stadion@stadiondoo.me<\/a>[\/et_pb_text][\/et_pb_column][\/et_pb_row][et_pb_row column_structure=&#8221;1_2,1_2&#8243; _builder_version=&#8221;4.16&#8243; custom_padding=&#8221;27px|0px|30px|0px|false|false&#8221; global_colors_info=&#8221;{}&#8221;][et_pb_column type=&#8221;1_2&#8243; _builder_version=&#8221;4.16&#8243; custom_padding=&#8221;|||&#8221; global_colors_info=&#8221;{}&#8221; custom_padding__hover=&#8221;|||&#8221;][et_pb_text _builder_version=&#8221;4.27.4&#8243; text_font=&#8221;||||||||&#8221; header_font=&#8221;||||||||&#8221; header_2_font=&#8221;|700|||||||&#8221; header_2_font_size=&#8221;40px&#8221; header_3_font=&#8221;|700|||||||&#8221; header_3_text_color=&#8221;#03a5df&#8221; header_6_font=&#8221;||||||||&#8221; header_6_text_color=&#8221;#999&#8243; hover_enabled=&#8221;0&#8243; header_2_font_size_tablet=&#8221;&#8221; header_2_font_size_phone=&#8221;24px&#8221; header_2_font_size_last_edited=&#8221;on|phone&#8221; global_colors_info=&#8221;{}&#8221; sticky_enabled=&#8221;0&#8243;]<\/p>\n<h2>Croatian market<\/h2>\n<p>&nbsp;<\/p>\n<h3>Zapre\u0161i\u0107anka d.o.o.<\/h3>\n<p>Zagreba\u010dka cesta 3, Pojatno, Donja Pu\u0161\u0107a<br \/>\ntel: +385 1 3311 703<br \/>\nfax: +385 1 331 1707<br \/>\nemail:\u00a0<a href=\"mailto:info@zapresicanka.hr\">info@zapresicanka.hr<\/a><\/p>\n<p><a href=\"http:\/\/www.zapresicanka.hr\" target=\"_blank\" rel=\"noopener\">www. zapresicanka.hr<\/a>[\/et_pb_text][\/et_pb_column][et_pb_column type=&#8221;1_2&#8243; _builder_version=&#8221;4.16&#8243; custom_padding=&#8221;|||&#8221; global_colors_info=&#8221;{}&#8221; custom_padding__hover=&#8221;|||&#8221;][et_pb_text _builder_version=&#8221;4.27.4&#8243; text_font=&#8221;||||||||&#8221; header_font=&#8221;||||||||&#8221; header_2_font=&#8221;|700|||||||&#8221; header_2_font_size=&#8221;40px&#8221; header_3_font=&#8221;|700|||||||&#8221; header_3_text_color=&#8221;#03a5df&#8221; header_6_font=&#8221;||||||||&#8221; header_6_text_color=&#8221;#999&#8243; hover_enabled=&#8221;0&#8243; header_2_font_size_tablet=&#8221;&#8221; header_2_font_size_phone=&#8221;24px&#8221; header_2_font_size_last_edited=&#8221;on|phone&#8221; global_colors_info=&#8221;{}&#8221; sticky_enabled=&#8221;0&#8243;]<\/p>\n<h2>Kosovo market<\/h2>\n<p>&nbsp;<\/p>\n<h3>Pro Biznis Vitia<\/h3>\n<p>Rr. Cen Dugolli, Ferizaj<br \/>\ntel:\u00a0+383 49501615<br \/>\nemail:\u00a0<a href=\"mailto:probiznis@hotmail.com\">probiznis@hotmail.com<\/a>[\/et_pb_text][\/et_pb_column][\/et_pb_row][\/et_pb_section]<\/p>\n","protected":false},"excerpt":{"rendered":"<p>Markets General importers and distributorsSolana Jsc Tuzla is a company that has spent more that one century in producing and processing all assortment of edible iodised salt used in food industry, bakeries and meat industry and non-iodised salt used for chemical, textile and leather-making industry. We also produce salt in tablets, iodised for food and [&hellip;]<\/p>\n","protected":false},"author":4,"featured_media":0,"parent":0,"menu_order":0,"comment_status":"closed","ping_status":"closed","template":"","meta":{"_et_pb_use_builder":"on","_et_pb_old_content":"","_et_gb_content_width":"","footnotes":""},"class_list":["post-1338","page","type-page","status-publish","hentry"],"_links":{"self":[{"href":"https:\/\/solana.ba\/en\/wp-json\/wp\/v2\/pages\/1338","targetHints":{"allow":["GET"]}}],"collection":[{"href":"https:\/\/solana.ba\/en\/wp-json\/wp\/v2\/pages"}],"about":[{"href":"https:\/\/solana.ba\/en\/wp-json\/wp\/v2\/types\/page"}],"author":[{"embeddable":true,"href":"https:\/\/solana.ba\/en\/wp-json\/wp\/v2\/users\/4"}],"replies":[{"embeddable":true,"href":"https:\/\/solana.ba\/en\/wp-json\/wp\/v2\/comments?post=1338"}],"version-history":[{"count":9,"href":"https:\/\/solana.ba\/en\/wp-json\/wp\/v2\/pages\/1338\/revisions"}],"predecessor-version":[{"id":10668,"href":"https:\/\/solana.ba\/en\/wp-json\/wp\/v2\/pages\/1338\/revisions\/10668"}],"wp:attachment":[{"href":"https:\/\/solana.ba\/en\/wp-json\/wp\/v2\/media?parent=1338"}],"curies":[{"name":"wp","href":"https:\/\/api.w.org\/{rel}","templated":true}]}}