{"id":10759,"date":"2025-09-24T23:10:14","date_gmt":"2025-09-24T21:10:14","guid":{"rendered":"https:\/\/solana.ba\/?page_id=10759"},"modified":"2025-10-03T09:19:36","modified_gmt":"2025-10-03T07:19:36","slug":"politika-kolacica","status":"publish","type":"page","link":"https:\/\/solana.ba\/en\/politika-kolacica\/","title":{"rendered":"Politika kola\u010di\u0107a"},"content":{"rendered":"<p>[et_pb_section fb_built=&#8221;1&#8243; custom_padding_last_edited=&#8221;on|desktop&#8221; next_background_color=&#8221;#ffffff&#8221; admin_label=&#8221;Hero&#8221; _builder_version=&#8221;4.16&#8243; use_background_color_gradient=&#8221;on&#8221; background_color_gradient_type=&#8221;circular&#8221; background_color_gradient_direction_radial=&#8221;top right&#8221; background_color_gradient_stops=&#8221;rgba(40,139,210,0) 0%|#288bd2 100%&#8221; background_color_gradient_overlays_image=&#8221;on&#8221; background_color_gradient_start=&#8221;rgba(40,139,210,0)&#8221; background_color_gradient_end=&#8221;#288bd2&#8243; background_image=&#8221;http:\/\/solana.ba\/wp-content\/uploads\/2020\/11\/Ext-06.jpg&#8221; custom_padding=&#8221;150px|0px|150px|0px|true|false&#8221; custom_padding_tablet=&#8221;50px||50px||true&#8221; custom_padding_phone=&#8221;0px||0px||true|false&#8221; bottom_divider_style=&#8221;asymmetric&#8221; bottom_divider_height=&#8221;50px&#8221; bottom_divider_flip=&#8221;horizontal&#8221; bottom_divider_height_tablet=&#8221;90px&#8221; bottom_divider_height_phone=&#8221;80px&#8221; locked=&#8221;off&#8221; global_colors_info=&#8221;{}&#8221;][et_pb_row _builder_version=&#8221;4.16&#8243; custom_width_px=&#8221;1280px&#8221; global_colors_info=&#8221;{}&#8221;][et_pb_column type=&#8221;4_4&#8243; _builder_version=&#8221;4.16&#8243; custom_padding=&#8221;|||&#8221; global_colors_info=&#8221;{}&#8221; custom_padding__hover=&#8221;|||&#8221;][et_pb_text _builder_version=&#8221;4.27.4&#8243; text_font=&#8221;Montserrat||||||||&#8221; text_text_color=&#8221;rgba(255,255,255,0.85)&#8221; text_font_size=&#8221;20px&#8221; text_line_height=&#8221;1.8em&#8221; header_font=&#8221;Montserrat|900||on|||||&#8221; header_font_size=&#8221;48px&#8221; header_line_height=&#8221;1.4em&#8221; header_2_letter_spacing=&#8221;-0.02em&#8221; header_2_line_height=&#8221;1.3em&#8221; header_6_font=&#8221;Montserrat|600||on|||||&#8221; header_6_text_color=&#8221;rgba(255,255,255,0.7)&#8221; header_6_font_size=&#8221;16px&#8221; header_6_letter_spacing=&#8221;2px&#8221; header_6_line_height=&#8221;1.5em&#8221; background_layout=&#8221;dark&#8221; custom_margin=&#8221;||10px||false|false&#8221; text_font_size_tablet=&#8221;&#8221; text_font_size_phone=&#8221;15px&#8221; text_font_size_last_edited=&#8221;on|phone&#8221; header_font_size_phone=&#8221;28px&#8221; header_font_size_last_edited=&#8221;off|desktop&#8221; locked=&#8221;off&#8221; global_colors_info=&#8221;{}&#8221;]<\/p>\n<h1>Politika kola\u010di\u0107a<\/h1>\n<p>[\/et_pb_text][\/et_pb_column][\/et_pb_row][\/et_pb_section][et_pb_section fb_built=&#8221;1&#8243; admin_label=&#8221;About&#8221; _builder_version=&#8221;4.16&#8243; use_background_color_gradient=&#8221;on&#8221; background_color_gradient_direction=&#8221;90deg&#8221; background_color_gradient_stops=&#8221;rgba(255,255,255,0) 0%|#ffffff 50%&#8221; background_color_gradient_overlays_image=&#8221;on&#8221; background_color_gradient_start=&#8221;rgba(255,255,255,0)&#8221; background_color_gradient_end=&#8221;#ffffff&#8221; background_color_gradient_end_position=&#8221;50%&#8221; background_enable_image=&#8221;off&#8221; background_position=&#8221;center_left&#8221; custom_padding=&#8221;60px||||false|false&#8221; locked=&#8221;off&#8221; global_colors_info=&#8221;{}&#8221;][et_pb_row _builder_version=&#8221;4.16&#8243; global_colors_info=&#8221;{}&#8221;][et_pb_column type=&#8221;4_4&#8243; _builder_version=&#8221;4.16&#8243; custom_padding=&#8221;|||&#8221; global_colors_info=&#8221;{}&#8221; custom_padding__hover=&#8221;|||&#8221;][et_pb_text _builder_version=&#8221;4.27.4&#8243; text_font=&#8221;Montserrat||||||||&#8221; text_font_size=&#8221;16px&#8221; text_line_height=&#8221;1.8em&#8221; link_font=&#8221;Montserrat|700|||||||&#8221; link_text_color=&#8221;#288BD2&#8243; link_line_height=&#8221;1.5em&#8221; header_font=&#8221;||||||||&#8221; header_2_font=&#8221;Montserrat|700|||||||&#8221; header_2_font_size=&#8221;40px&#8221; header_2_letter_spacing=&#8221;-0.02em&#8221; header_2_line_height=&#8221;1.3em&#8221; header_6_font=&#8221;Montserrat|600||on|||||&#8221; header_6_text_color=&#8221;#288bd2&#8243; header_6_font_size=&#8221;16px&#8221; header_6_letter_spacing=&#8221;2px&#8221; header_6_line_height=&#8221;1.5em&#8221; max_width_last_edited=&#8221;off|desktop&#8221; module_alignment=&#8221;left&#8221; custom_margin=&#8221;|||&#8221; custom_padding=&#8221;|||&#8221; hover_enabled=&#8221;0&#8243; header_2_font_size_tablet=&#8221;&#8221; header_2_font_size_phone=&#8221;24px&#8221; header_2_font_size_last_edited=&#8221;on|phone&#8221; global_colors_info=&#8221;{}&#8221; sticky_enabled=&#8221;0&#8243;]<\/p>\n<p><strong><span>Voditelj obrade<\/span><\/strong><span>: Solana d.d. Tuzla<\/span><\/p>\n<p><strong><span>Adresa:<\/span><\/strong><span>\u00a0Ul. Soli br. 3, 75000 Tuzla<\/span><\/p>\n<p><strong><span>OIB:<\/span><\/strong><span>\u00a04209372970007<\/span><\/p>\n<p><span>Ova Politika kola\u010di\u0107a obja\u0161njava \u0161to su kola\u010di\u0107i, kako ih koristimo na na\u0161oj internetskoj stranici\u00a0<strong>www.solana.ba<\/strong>, te koje vrste kola\u010di\u0107a koristimo. Tako\u0111er pru\u017ea informacije o va\u0161im pravima u vezi s kori\u0161tenjem kola\u010di\u0107a i kako mo\u017eete upravljati njihovim postavkama.<\/span><\/p>\n<ol>\n<li><strong><span> \u0160to su kola\u010di\u0107i?<\/span><\/strong><\/li>\n<\/ol>\n<p><span>Kola\u010di\u0107i su male tekstualne datoteke koje internetska stranica pohranjuje na va\u0161e ure\u0111aje (ra\u010dunar, tablet, mobilni telefon) kada posjetite stranicu. Kola\u010di\u0107i omogu\u0107uju internetskoj stranici prepoznavanje va\u0161eg ure\u0111aja i pohranjivanje odre\u0111enih informacija, \u010dime se pobolj\u0161ava va\u0161e korisni\u010dko iskustvo.<\/span><\/p>\n<ol start=\"2\">\n<li><strong><span> Kako koristimo kola\u010di\u0107e?<\/span><\/strong><\/li>\n<\/ol>\n<p><span>Kola\u010di\u0107e koristimo kako bismo:<\/span><\/p>\n<ul>\n<li><span>Osigurali ispravno funkcioniranje na\u0161e internetske stranice (obavezni kola\u010di\u0107i).<\/span><\/li>\n<li><span>Pratili i analizirali upotrebu na\u0161e stranice kako bismo pobolj\u0161ali njezinu funkcionalnost (analiti\u010dki kola\u010di\u0107i).<\/span><\/li>\n<\/ul>\n<ol start=\"3\">\n<li><strong><span> Vrste kola\u010di\u0107a koje koristimo<\/span><\/strong><\/li>\n<\/ol>\n<p><strong><span>3.1. Tehni\u010dki kola\u010di\u0107i \u2013 obavezni kola\u010di\u0107i (nu\u017eni)<\/span><\/strong><\/p>\n<p><span>Ovi kola\u010di\u0107i su neophodni za pravilno funkcioniranje internetske stranice i ne mogu se isklju\u010diti u na\u0161im sistemima. Oni su obi\u010dno postavljeni kao odgovor na va\u0161e radnje koje uklju\u010duju zahtjev za uslugama, poput postavljanja va\u0161ih postavki privatnosti, prijavljivanja ili popunjavanja obrazaca.<\/span><\/p>\n<p><span>Koristimo sljede\u0107e tehni\u010dke kola\u010di\u0107e:<\/span><\/p>\n<table>\n<thead>\n<tr>\n<th>Naziv<\/th>\n<th>Domen<\/th>\n<th>Svrha<\/th>\n<th>Trajanje<\/th>\n<\/tr>\n<\/thead>\n<tbody>\n<tr>\n<td>VISITOR_PRIVACY_METADATA<\/td>\n<td>.youtube.com<\/td>\n<td>\u010cuva stanje korisni\u010dke saglasnosti za kola\u010di\u0107e na YouTube-u<\/td>\n<td>6 mjeseci<\/td>\n<\/tr>\n<tr>\n<td>_GRECAPTCHA<\/td>\n<td>www.google.com<\/td>\n<td>Google reCAPTCHA \u2013 za\u0161tita od spam\/bot napada<\/td>\n<td>6 mjeseci<\/td>\n<\/tr>\n<tr>\n<td>rc::a<\/td>\n<td>google.com<\/td>\n<td>Google reCAPTCHA \u2013 detekcija botova<\/td>\n<td>trajni<\/td>\n<\/tr>\n<tr>\n<td>rc::b<\/td>\n<td>google.com<\/td>\n<td>Google reCAPTCHA \u2013 detekcija botova<\/td>\n<td>sesija<\/td>\n<\/tr>\n<tr>\n<td>rc::c<\/td>\n<td>google.com<\/td>\n<td>Google reCAPTCHA \u2013 detekcija botova<\/td>\n<td>sesija<\/td>\n<\/tr>\n<tr>\n<td>rc::f<\/td>\n<td>google.com<\/td>\n<td>Google reCAPTCHA \u2013 detekcija botova<\/td>\n<td>trajni<\/td>\n<\/tr>\n<\/tbody>\n<\/table>\n<p><strong><span>3.2 Izvedbeni kola\u010di\u0107i<\/span><\/strong><\/p>\n<p><span>Izvedbeni kola\u010di\u0107i upotrebljavaju se za prikupljanje informacija o na\u010dinu uptrebe internetske stranice, npr. analiti\u010dni kola\u010di\u0107i. Ovi kola\u010di\u0107i ne mogu se upotrebljavati za neposredno prepoznavanje odre\u0111enog posjetitelja.<\/span><\/p>\n<p><span>Koristimo sljede\u0107e izvedbene kola\u010di\u0107e:<\/span><\/p>\n<table>\n<thead>\n<tr>\n<th>Naziv<\/th>\n<th>Domen<\/th>\n<th>Svrha<\/th>\n<th>Trajanje<\/th>\n<\/tr>\n<\/thead>\n<tbody>\n<tr>\n<td>_ga<\/td>\n<td>.solana.ba<\/td>\n<td>Google Analytics \u2013 razlikuje korisnike i prati posjete<\/td>\n<td>1 godina 1 mjesec<\/td>\n<\/tr>\n<tr>\n<td>_ga_*<\/td>\n<td>.solana.ba<\/td>\n<td>Google Analytics \u2013 bilje\u017ei broj pregleda stranica<\/td>\n<td>1 godina 1 mjesec<\/td>\n<\/tr>\n<tr>\n<td>YSC<\/td>\n<td>.youtube.com<\/td>\n<td>Pra\u0107enje broja pregleda YouTube videa na stranici<\/td>\n<td>sesija<\/td>\n<\/tr>\n<\/tbody>\n<\/table>\n<p><strong><span>3.3. Ciljani kola\u010di\u0107i<\/span><\/strong><\/p>\n<p><span>Ciljani kola\u010di\u0107i upotrebljavaju se za prepoznavanje posjetitelja me\u0111u razli\u010ditim internetskim stranicama, npr. sadr\u017eajnim partnerima, mre\u017eama reklama. Ove kola\u010di\u0107e kompanije mogu upotrebljavati u svrhe stvaranja profila posjetilaca ili za prikazivanje relevantnih oglasa na drugim internetskim stranicama.<\/span><\/p>\n<p><span>Koristimo sljede\u0107e ciljane kola\u010di\u0107e:<\/span><\/p>\n<table>\n<thead>\n<tr>\n<th>Naziv<\/th>\n<th>Domen<\/th>\n<th>Svrha<\/th>\n<th>Trajanje<\/th>\n<\/tr>\n<\/thead>\n<tbody>\n<tr>\n<td>yt.innertube::nextId<\/td>\n<td>youtube.com<\/td>\n<td>\u010cuva ID videa koje je korisnik gledao<\/td>\n<td>trajni<\/td>\n<\/tr>\n<tr>\n<td>yt.innertube::requests<\/td>\n<td>youtube.com<\/td>\n<td>Registruje jedinstveni ID radi pra\u0107enja YouTube videa<\/td>\n<td>trajni<\/td>\n<\/tr>\n<\/tbody>\n<\/table>\n<p><strong><span>3.4. Funkcionalni kola\u010di\u0107i<\/span><\/strong><\/p>\n<p><span>Funkcionalni kola\u010di\u0107i upotrebljavaju se u svrhe pam\u0107enja informacija o korisniku od strane internetske stranice, npr. jezik, vremensku zonu, pobolj\u0161ani sadr\u017eaj.<\/span><\/p>\n<p><span>Koristimo sljede\u0107e funkcionalne kola\u010di\u0107e:<\/span><\/p>\n<table>\n<thead>\n<tr>\n<th>Naziv<\/th>\n<th>Domen<\/th>\n<th>Svrha<\/th>\n<th>Trajanje<\/th>\n<\/tr>\n<\/thead>\n<tbody>\n<tr>\n<td>VISITOR_INFO1_LIVE<\/td>\n<td>.youtube.com<\/td>\n<td>Mjeri bandwidth i bira verziju video playera<\/td>\n<td>6 mjeseci<\/td>\n<\/tr>\n<tr>\n<td>yt-remote-connected-devices<\/td>\n<td>youtube.com<\/td>\n<td>\u010cuva preferencije korisnika za povezane ure\u0111aje<\/td>\n<td>trajni<\/td>\n<\/tr>\n<tr>\n<td>yt-remote-device-id<\/td>\n<td>youtube.com<\/td>\n<td>\u010cuva ID ure\u0111aja za reprodukciju videa<\/td>\n<td>trajni<\/td>\n<\/tr>\n<tr>\n<td>yt-remote-session-name<\/td>\n<td>youtube.com<\/td>\n<td>\u010cuva preferencije YouTube video playera<\/td>\n<td>sesija<\/td>\n<\/tr>\n<tr>\n<td>yt-remote-fast-check-period<\/td>\n<td>youtube.com<\/td>\n<td>\u010cuva preferencije YouTube video playera<\/td>\n<td>sesija<\/td>\n<\/tr>\n<tr>\n<td>yt-remote-session-app<\/td>\n<td>youtube.com<\/td>\n<td>\u010cuva interfejs preferencije YouTube playera<\/td>\n<td>sesija<\/td>\n<\/tr>\n<tr>\n<td>yt-remote-cast-available<\/td>\n<td>youtube.com<\/td>\n<td>\u010cuva dostupnost opcije za cast<\/td>\n<td>sesija<\/td>\n<\/tr>\n<tr>\n<td>yt-remote-cast-installed<\/td>\n<td>youtube.com<\/td>\n<td>\u010cuva postavke cast opcije<\/td>\n<td>sesija<\/td>\n<\/tr>\n<tr>\n<td>ytidb::LAST_RESULT_ENTRY_KEY<\/td>\n<td>youtube.com<\/td>\n<td>\u010cuva zadnji rezultat pretrage na YouTube-u<\/td>\n<td>trajni<\/td>\n<\/tr>\n<\/tbody>\n<\/table>\n<ol start=\"4\">\n<li><strong><span> Upravljanje postavkama kola\u010di\u0107a<\/span><\/strong><\/li>\n<\/ol>\n<p>Mo\u017eete prilagoditi postavke svog preglednika kako biste prihvatili ili odbili neke ili sve kola\u010di\u0107e. Na sljede\u0107im poveznicama mo\u017eete prona\u0107i upute za izmjenu postavki kola\u010di\u0107a u naj\u010de\u0161\u0107e kori\u0161tenim preglednicima: <a href=\"https:\/\/support.mozilla.org\/en-US\/kb\/cookies-information-websites-store-on-your-computer\" target=\"_blank\" rel=\"noopener\">Mozilla Firefox<\/a>, <a href=\"https:\/\/support.google.com\/chrome\/answer\/95647?hl=en&amp;co=GENIE.Platform%3DDesktop&amp;sjid=15815820652559441588-EU\" target=\"_blank\" rel=\"noopener\">Google Chrome<\/a>, <a href=\"https:\/\/support.microsoft.com\/en-us\/topic\/how-to-delete-cookie-files-in-internet-explorer-bca9446f-d873-78de-77ba-d42645fa52fc\" target=\"_blank\" rel=\"noopener\">Microsoft Internet Explorer<\/a>, <a href=\"https:\/\/help.apple.com\/safari\/mac\/8.0\/en.lproj\/sfri11471.html\" target=\"_blank\" rel=\"noopener\">Apple Safari<\/a> i <a href=\"https:\/\/blogs.opera.com\/news\/2015\/08\/how-to-manage-cookies-in-opera\/\" target=\"_blank\" rel=\"noopener\">Opera<\/a>.<\/p>\n<p><span>Neki preglednici tako\u0111er nude mogu\u0107nost pregledavanja u \u201canonimnom\u201d na\u010dinu rada, koji smanjuje koli\u010dinu pohranjenih podataka i automatski bri\u0161e trajne kola\u010di\u0107e s va\u0161eg ure\u0111aja nakon zavr\u0161etka sesije. Dostupne su i brojne aplikacije tre\u0107ih strana koje mo\u017eete instalirati u preglednik kako biste blokirali ili upravljali kola\u010di\u0107ima. Tako\u0111er mo\u017eete ru\u010dno izbrisati kola\u010di\u0107e ve\u0107 postavljene u va\u0161 preglednik tako da odaberete opciju za brisanje historije pregledavanja i uklju\u010dite opciju za brisanje kola\u010di\u0107a.<\/span><\/p>\n<ol start=\"5\">\n<li><strong><span> Izmjene Politike kola\u010di\u0107a<\/span><\/strong><\/li>\n<\/ol>\n<p><span>Ova Politika kola\u010di\u0107a mo\u017ee biti povremeno a\u017eurirana kako bi odra\u017eavala promjene u na\u010dinu na koji koristimo kola\u010di\u0107e ili zbog drugih operativnih, pravnih ili regulatornih razloga. Stoga vas molimo da redovno pregledavate ovu Politiku kako biste bili informsani o tome kako koristimo kola\u010di\u0107e.<\/span><\/p>\n<ol start=\"6\">\n<li><strong><span> Kontakt<\/span><\/strong><\/li>\n<\/ol>\n<p><span>Ako imate bilo kakvih pitanja ili zahtjeva u vezi s ovom Politikom kola\u010di\u0107a, molimo vas da kontaktirate Lice ovla\u0161teno za obradu podataka putem e-maila na: <a href=\"mailto:solana@solana.ba\">solana@solana.ba<\/a><\/span><\/p>\n<p><span>Posljednji put a\u017eurirano: septembar 2025<\/span><\/p>\n<p>[\/et_pb_text][\/et_pb_column][\/et_pb_row][\/et_pb_section]<\/p>\n","protected":false},"excerpt":{"rendered":"<p>Politika kola\u010di\u0107aVoditelj obrade: Solana d.d. Tuzla Adresa:\u00a0Ul. Soli br. 3, 75000 Tuzla OIB:\u00a04209372970007 Ova Politika kola\u010di\u0107a obja\u0161njava \u0161to su kola\u010di\u0107i, kako ih koristimo na na\u0161oj internetskoj stranici\u00a0www.solana.ba, te koje vrste kola\u010di\u0107a koristimo. Tako\u0111er pru\u017ea informacije o va\u0161im pravima u vezi s kori\u0161tenjem kola\u010di\u0107a i kako mo\u017eete upravljati njihovim postavkama. \u0160to su kola\u010di\u0107i? Kola\u010di\u0107i su male [&hellip;]<\/p>\n","protected":false},"author":6,"featured_media":0,"parent":0,"menu_order":0,"comment_status":"closed","ping_status":"closed","template":"","meta":{"_et_pb_use_builder":"on","_et_pb_old_content":"","_et_gb_content_width":"","footnotes":""},"class_list":["post-10759","page","type-page","status-publish","hentry"],"_links":{"self":[{"href":"https:\/\/solana.ba\/en\/wp-json\/wp\/v2\/pages\/10759","targetHints":{"allow":["GET"]}}],"collection":[{"href":"https:\/\/solana.ba\/en\/wp-json\/wp\/v2\/pages"}],"about":[{"href":"https:\/\/solana.ba\/en\/wp-json\/wp\/v2\/types\/page"}],"author":[{"embeddable":true,"href":"https:\/\/solana.ba\/en\/wp-json\/wp\/v2\/users\/6"}],"replies":[{"embeddable":true,"href":"https:\/\/solana.ba\/en\/wp-json\/wp\/v2\/comments?post=10759"}],"version-history":[{"count":6,"href":"https:\/\/solana.ba\/en\/wp-json\/wp\/v2\/pages\/10759\/revisions"}],"predecessor-version":[{"id":10795,"href":"https:\/\/solana.ba\/en\/wp-json\/wp\/v2\/pages\/10759\/revisions\/10795"}],"wp:attachment":[{"href":"https:\/\/solana.ba\/en\/wp-json\/wp\/v2\/media?parent=10759"}],"curies":[{"name":"wp","href":"https:\/\/api.w.org\/{rel}","templated":true}]}}