{"id":10318,"date":"2023-12-10T22:00:49","date_gmt":"2023-12-10T21:00:49","guid":{"rendered":"https:\/\/solana.ba\/zacin-s\/"},"modified":"2024-11-03T20:36:11","modified_gmt":"2024-11-03T19:36:11","slug":"zacin-s","status":"publish","type":"page","link":"https:\/\/solana.ba\/en\/zacin-s\/","title":{"rendered":"Za\u010din S"},"content":{"rendered":"<p>[et_pb_section fb_built=&#8221;1&#8243; _builder_version=&#8221;4.16&#8243; custom_padding=&#8221;54px|0px|5px|0px|false|false&#8221; locked=&#8221;off&#8221; global_colors_info=&#8221;{}&#8221;][et_pb_row column_structure=&#8221;2_5,3_5&#8243; make_equal=&#8221;on&#8221; _builder_version=&#8221;4.16&#8243; global_colors_info=&#8221;{}&#8221;][et_pb_column type=&#8221;2_5&#8243; _builder_version=&#8221;4.16&#8243; custom_padding=&#8221;|||&#8221; global_colors_info=&#8221;{}&#8221; custom_padding__hover=&#8221;|||&#8221;][et_pb_image src=&#8221;http:\/\/solana.ba\/wp-content\/uploads\/2023\/12\/Zacin-S-Pakovanje-2-1-129&#215;300.png&#8221; title_text=&#8221;Zacin-S&#8221; align=&#8221;center&#8221; _builder_version=&#8221;4.23.1&#8243; custom_margin=&#8221;|-25px||25px&#8221; animation_direction=&#8221;left&#8221; global_colors_info=&#8221;{}&#8221;]<br \/>\n[\/et_pb_image][\/et_pb_column][et_pb_column type=&#8221;3_5&#8243; _builder_version=&#8221;4.16&#8243; custom_padding=&#8221;|||&#8221; custom_css_main_element=&#8221;margin:auto;&#8221; global_colors_info=&#8221;{}&#8221; custom_padding__hover=&#8221;|||&#8221;][et_pb_blurb title=&#8221;Za\u010din S&#8221; image=&#8221;http:\/\/solana.ba\/wp-content\/uploads\/2019\/01\/KUHINJSKA-JODIRANA-SO-Simbol-za-namjenu-soli.svg&#8221; icon_placement=&#8221;left&#8221; content_max_width=&#8221;100%&#8221; _builder_version=&#8221;4.23.1&#8243; _module_preset=&#8221;default&#8221; header_level=&#8221;h1&#8243; header_font=&#8221;|700|||||||&#8221; global_colors_info=&#8221;{}&#8221;]<\/p>\n<p>&nbsp;<\/p>\n<p>\u201cZa\u010din S\u201d je vrhunski univerzalni za\u010dinski mix. Proizveden je povezivanjem visokokvalitetne \u201eTuzlanske soli\u201c i pa\u017eljivo uzgojenog povr\u0107a. Krasi ga spoj u\u017eitka i kvaliteta, te kao takav daje notu prepoznatljive doma\u0107e kuhinje. \u201cZa\u010din S\u201d se pakuje za \u0161iroku potro\u0161nju u tripleks vre\u0107icama od: 200 g i 400 g.<\/p>\n<p>[\/et_pb_blurb][\/et_pb_column][\/et_pb_row][et_pb_row _builder_version=&#8221;4.16&#8243; custom_padding=&#8221;1px|0px|27px|0px|false|false&#8221; global_colors_info=&#8221;{}&#8221; disabled_on=&#8221;on|on|on&#8221;][et_pb_column type=&#8221;4_4&#8243; _builder_version=&#8221;4.16&#8243; custom_padding=&#8221;|||&#8221; global_colors_info=&#8221;{}&#8221; custom_padding__hover=&#8221;|||&#8221;][et_pb_divider color=&#8221;rgba(40,139,210,0.17)&#8221; divider_weight=&#8221;1px&#8221; _builder_version=&#8221;4.16&#8243; custom_margin=&#8221;40px||||false|false&#8221; global_colors_info=&#8221;{}&#8221;]<br \/>\n[\/et_pb_divider][\/et_pb_column][\/et_pb_row][et_pb_row _builder_version=&#8221;4.16&#8243; width=&#8221;100%&#8221; custom_padding=&#8221;27px|0px|8px|0px|false|false&#8221; z_index_tablet=&#8221;500&#8243; box_shadow_horizontal_tablet=&#8221;0px&#8221; box_shadow_vertical_tablet=&#8221;0px&#8221; box_shadow_blur_tablet=&#8221;40px&#8221; box_shadow_spread_tablet=&#8221;0px&#8221; global_colors_info=&#8221;{}&#8221; disabled_on=&#8221;on|on|on&#8221;][et_pb_column type=&#8221;4_4&#8243; _builder_version=&#8221;4.16&#8243; custom_padding=&#8221;|||&#8221; global_colors_info=&#8221;{}&#8221; custom_padding__hover=&#8221;|||&#8221;][et_pb_text _builder_version=&#8221;4.16&#8243; header_2_font=&#8221;|600|||||||&#8221; global_colors_info=&#8221;{}&#8221;]<\/p>\n<h2>Osnovni podaci o proizvodu<\/h2>\n<p>[\/et_pb_text][et_pb_text _builder_version=&#8221;4.23.1&#8243; global_colors_info=&#8221;{}&#8221;]<\/p>\n<table>\n<tbody>\n<tr>\n<td><strong>Proizvod<\/strong><\/td>\n<td><strong>Pakovanje<\/strong><\/td>\n<td colspan=\"2\"><img decoding=\"async\" src=\"http:\/\/solana.ba\/wp-content\/uploads\/2019\/01\/boxzatabele.svg\" style=\"display: block; margin-left: auto; margin-right: auto;\" \/><\/td>\n<td colspan=\"2\"><img decoding=\"async\" src=\"http:\/\/solana.ba\/wp-content\/uploads\/2019\/01\/paletazatabele.svg\" style=\"display: block; margin-left: auto; margin-right: auto;\" \/><\/td>\n<td><strong>Bar kod<\/strong><\/td>\n<\/tr>\n<tr>\n<td><\/td>\n<td><\/td>\n<td><strong>Komada<\/strong><\/td>\n<td><strong>Kilograma<\/strong><\/td>\n<td><strong>Komada<\/strong><\/td>\n<td><strong>Kilograma<\/strong><\/td>\n<td><\/td>\n<\/tr>\n<tr>\n<td>Za\u010din S<\/td>\n<td>200 g<\/td>\n<td>16<\/td>\n<td>3,2<\/td>\n<td>110<\/td>\n<td>352<\/td>\n<td>3870009001493<\/td>\n<\/tr>\n<tr>\n<td>Za\u010din S<\/td>\n<td>400 g<\/td>\n<td>12<\/td>\n<td>4,8<\/td>\n<td>90<\/td>\n<td>432<\/td>\n<td>3870009001486<\/td>\n<\/tr>\n<\/tbody>\n<\/table>\n<p>[\/et_pb_text][\/et_pb_column][\/et_pb_row][\/et_pb_section][et_pb_section fb_built=&#8221;1&#8243; prev_background_color=&#8221;#ffffff&#8221; _builder_version=&#8221;4.16&#8243; background_color=&#8221;#212e52&#8243; custom_margin=&#8221;50px||||false|false&#8221; custom_padding=&#8221;100px||||false|false&#8221; top_divider_style=&#8221;asymmetric&#8221; top_divider_height=&#8221;50px&#8221; top_divider_flip=&#8221;horizontal&#8221; global_colors_info=&#8221;{}&#8221;][et_pb_row _builder_version=&#8221;4.16&#8243; z_index_tablet=&#8221;500&#8243; box_shadow_horizontal_tablet=&#8221;0px&#8221; box_shadow_vertical_tablet=&#8221;0px&#8221; box_shadow_blur_tablet=&#8221;40px&#8221; box_shadow_spread_tablet=&#8221;0px&#8221; global_colors_info=&#8221;{}&#8221;][et_pb_column type=&#8221;4_4&#8243; _builder_version=&#8221;4.16&#8243; custom_padding=&#8221;|||&#8221; global_colors_info=&#8221;{}&#8221; custom_padding__hover=&#8221;|||&#8221;][et_pb_blurb title=&#8221;Kontrola kvaliteta proizvoda&#8221; image=&#8221;http:\/\/solana.ba\/wp-content\/uploads\/2019\/01\/kontrolakvalitete.svg&#8221; icon_placement=&#8221;left&#8221; image_icon_width=&#8221;90px&#8221; content_max_width=&#8221;100%&#8221; _builder_version=&#8221;4.16&#8243; _module_preset=&#8221;default&#8221; header_level=&#8221;h2&#8243; header_font=&#8221;|600|||||||&#8221; background_layout=&#8221;dark&#8221; custom_css_blurb_image=&#8221;padding-right: 40px;&#8221; image_max_width=&#8221;90px&#8221; global_colors_info=&#8221;{}&#8221;]<\/p>\n<p>Kontrola kvaliteta svih ulaznih, procesnih i izlaznih tokova u Solana d.d. Tuzla je temeljni proces osiguranju kvaliteta, koji sinergijskim djelovanjem garantuju kvalitet svih proizvoda Solana d.d. Tuzla. Kontrola kvaliteta se obavlja u vlastitim laboratorijama, kontinuirano u svim procesima, kao i potvrdjivanje kvaliteta u vanjskim laboratorijama.<\/p>\n<p>[\/et_pb_blurb][\/et_pb_column][\/et_pb_row][\/et_pb_section][et_pb_section fb_built=&#8221;1&#8243; _builder_version=&#8221;4.16&#8243; background_enable_color=&#8221;off&#8221; use_background_color_gradient=&#8221;on&#8221; background_color_gradient_stops=&#8221;rgba(33,46,82,0.95) 0%|rgba(33,46,82,0.48) 100%&#8221; background_color_gradient_overlays_image=&#8221;on&#8221; background_color_gradient_start=&#8221;rgba(33,46,82,0.95)&#8221; background_color_gradient_end=&#8221;rgba(33,46,82,0.48)&#8221; background_image=&#8221;http:\/\/solana.ba\/wp-content\/uploads\/2020\/12\/Brand-banner-Do-Do.jpg&#8221; custom_padding=&#8221;100px||100px||true|false&#8221; locked=&#8221;off&#8221; global_colors_info=&#8221;{}&#8221;][et_pb_row _builder_version=&#8221;4.16&#8243; global_colors_info=&#8221;{}&#8221;][et_pb_column type=&#8221;4_4&#8243; _builder_version=&#8221;4.16&#8243; custom_padding=&#8221;|||&#8221; global_colors_info=&#8221;{}&#8221; custom_padding__hover=&#8221;|||&#8221;][et_pb_text _builder_version=&#8221;4.16&#8243; text_font=&#8221;|600|||||||&#8221; header_2_font=&#8221;|700|||||||&#8221; background_layout=&#8221;dark&#8221; global_colors_info=&#8221;{}&#8221;]<\/p>\n<h2>Brand portfolio<\/h2>\n<p>&nbsp;<\/p>\n<p>\u0160irok brand portfolio na\u0161ih proizvoda, sa razli\u010ditom namjenom kori\u0161tenja I prilago\u0111enosti pakovanja proizvoda, u potpunosti zadovoljava sve tr\u017ei\u0161ne zahtjeve, kako za industrijske potrebe, tako i za potrebe krajnih potro\u0161a\u010da.<\/p>\n<p>[\/et_pb_text][\/et_pb_column][\/et_pb_row][\/et_pb_section]<\/p>\n","protected":false},"excerpt":{"rendered":"<p>&nbsp; \u201cZa\u010din S\u201d je vrhunski univerzalni za\u010dinski mix. Proizveden je povezivanjem visokokvalitetne \u201eTuzlanske soli\u201c i pa\u017eljivo uzgojenog povr\u0107a. Krasi ga spoj u\u017eitka i kvaliteta, te kao takav daje notu prepoznatljive doma\u0107e kuhinje. \u201cZa\u010din S\u201d se pakuje za \u0161iroku potro\u0161nju u tripleks vre\u0107icama od: 200 g i 400 g. Osnovni podaci o proizvodu Proizvod Pakovanje Bar [&hellip;]<\/p>\n","protected":false},"author":6,"featured_media":0,"parent":0,"menu_order":0,"comment_status":"closed","ping_status":"closed","template":"","meta":{"_et_pb_use_builder":"on","_et_pb_old_content":"","_et_gb_content_width":"","footnotes":""},"class_list":["post-10318","page","type-page","status-publish","hentry"],"_links":{"self":[{"href":"https:\/\/solana.ba\/en\/wp-json\/wp\/v2\/pages\/10318","targetHints":{"allow":["GET"]}}],"collection":[{"href":"https:\/\/solana.ba\/en\/wp-json\/wp\/v2\/pages"}],"about":[{"href":"https:\/\/solana.ba\/en\/wp-json\/wp\/v2\/types\/page"}],"author":[{"embeddable":true,"href":"https:\/\/solana.ba\/en\/wp-json\/wp\/v2\/users\/6"}],"replies":[{"embeddable":true,"href":"https:\/\/solana.ba\/en\/wp-json\/wp\/v2\/comments?post=10318"}],"version-history":[{"count":4,"href":"https:\/\/solana.ba\/en\/wp-json\/wp\/v2\/pages\/10318\/revisions"}],"predecessor-version":[{"id":10573,"href":"https:\/\/solana.ba\/en\/wp-json\/wp\/v2\/pages\/10318\/revisions\/10573"}],"wp:attachment":[{"href":"https:\/\/solana.ba\/en\/wp-json\/wp\/v2\/media?parent=10318"}],"curies":[{"name":"wp","href":"https:\/\/api.w.org\/{rel}","templated":true}]}}